{"id":178,"date":"2025-11-15T09:10:40","date_gmt":"2025-11-15T09:10:40","guid":{"rendered":"https:\/\/agricultural-stone-crusher.com\/?page_id=178"},"modified":"2025-11-20T06:08:06","modified_gmt":"2025-11-20T06:08:06","slug":"about-us","status":"publish","type":"page","link":"https:\/\/agricultural-stone-crusher.com\/de\/uber-uns\/","title":{"rendered":"\u00dcber uns"},"content":{"rendered":"<p>[et_pb_section fb_built=&#8221;1&#8243; admin_label=&#8221;section&#8221; _builder_version=&#8221;4.16&#8243; global_colors_info=&#8221;{}&#8221;][et_pb_row admin_label=&#8221;row&#8221; _builder_version=&#8221;4.16&#8243; background_size=&#8221;initial&#8221; background_position=&#8221;top_left&#8221; background_repeat=&#8221;repeat&#8221; global_colors_info=&#8221;{}&#8221;][et_pb_column type=&#8221;4_4&#8243; _builder_version=&#8221;4.16&#8243; custom_padding=&#8221;|||&#8221; global_colors_info=&#8221;{}&#8221; custom_padding__hover=&#8221;|||&#8221;][et_pb_text _builder_version=&#8221;4.20.4&#8243; _module_preset=&#8221;default&#8221; hover_enabled=&#8221;0&#8243; global_colors_info=&#8221;{}&#8221; sticky_enabled=&#8221;0&#8243;]<\/p>\n<h2><strong>Unternehmensvorstellung<\/strong><\/h2>\n<p>Wir, <a href=\"https:\/\/agricultural-stone-crusher.com\/de\/\"><span data-slate-fragment=\"JTVCJTdCJTIydHlwZSUyMiUzQSUyMnBhcmFncmFwaCUyMiUyQyUyMmNoaWxkcmVuJTIyJTNBJTVCJTdCJTIyaWQlMjIlM0ElMjJWVzZtYTM0QXdlJTIyJTJDJTIycGFyYUlkeCUyMiUzQTAlMkMlMjJzcmMlMjIlM0ElMjJJdGFseSUyMFdhdGFuYWJlJTIwQWdyaWN1bHR1cmFsJTIwU3RvbmUlMjBDcnVzaGVyJTIwQ28uJTJDJTIwTHRkLiUyMiUyQyUyMmRzdCUyMiUzQSUyMiVFNiU4NCU4RiVFNSVBNCVBNyVFNSU4OCVBOSVFNiVCOCVBMSVFOCVCRSVCOSVFNSU4NiU5QyVFNCVCOCU5QSVFNyVBMiU4RSVFNyU5RiVCMyVFNiU5QyVCQSVFNiU5QyU4OSVFOSU5OSU5MCVFNSU4NSVBQyVFNSU4RiVCOCVFNiU5QyU4OSVFOSU5OSU5MCVFNSU4NSVBQyVFNSU4RiVCOCVFMyU4MCU4MiUyMiUyQyUyMm1ldGFkYXRhJTIyJTNBJTIyJTIyJTJDJTIybWF0Y2hlcyUyMiUzQW51bGwlMkMlMjJ0cmFuc2xhdGVkQnklMjIlM0FudWxsJTJDJTIybWV0YURhdGElMjIlM0ElNUIlNUQlMkMlMjJ0ZXh0JTIyJTNBJTIySXRhbHklMjBXYXRhbmFiZSUyMEFncmljdWx0dXJhbCUyMFN0b25lJTIwQ3J1c2hlciUyMENvLiUyQyUyMEx0ZC4lMjIlN0QlNUQlN0QlNUQ=\">Italien Watanabe Agricultural Stone Crusher Co., Ltd. <\/span><\/a>Wir sind ein professioneller Hersteller von landwirtschaftlichen Steinbrechern mit \u00fcber 10 Jahren Produktions- und Entwicklungserfahrung in der Landmaschinenindustrie. Seit unserer Gr\u00fcndung haben wir uns der Entwicklung leistungsstarker, langlebiger und zuverl\u00e4ssiger Brecher verschrieben, die speziell f\u00fcr die Ackerlandbearbeitung, die Einebnung von Fl\u00e4chen und die Bodenverbesserung konzipiert sind. Gem\u00e4\u00df unserer Fertigungsphilosophie \u201eQualit\u00e4t zuerst\u201c verwenden wir hochfesten Stahl, fortschrittliche W\u00e4rmebehandlungsverfahren, pr\u00e4zise Bearbeitung und strenge Qualit\u00e4tskontrollen, um sicherzustellen, dass jede Maschine internationalen Leistungsstandards entspricht und auch unter anspruchsvollen Feldbedingungen langfristig stabil arbeitet.<\/p>\n<p>Nach \u00fcber einem Jahrzehnt Entwicklung und kontinuierlicher Innovation verf\u00fcgt unser Unternehmen \u00fcber ein ausgereiftes System f\u00fcr Forschung und Entwicklung, Produktion und Qualit\u00e4tskontrolle. Wir bieten umfassende Anpassungsm\u00f6glichkeiten, mit denen Kunden Brecher individuell an ihre Bed\u00fcrfnisse anpassen k\u00f6nnen \u2013 von der Arbeitsbreite \u00fcber die Brechtiefe und die Traktorleistung bis hin zu Rotortyp, Schaufelform und Feldbedingungen. Ob f\u00fcr Weinberge, Obstplantagen, Ackerland, Rekultivierung oder Auftragsprojekte: Wir bieten die optimale Ausr\u00fcstung f\u00fcr die jeweiligen Betriebsanforderungen unserer Kunden.<\/p>\n<p>[\/et_pb_text][et_pb_image src=&#8221;https:\/\/agricultural-stone-crusher.com\/wp-content\/uploads\/2025\/11\/agricultural-stone-crusher-factory10.webp&#8221; alt=&#8221;agricultural stone crusher factory&#8221; title_text=&#8221;agricultural stone crusher factory&#8221; _builder_version=&#8221;4.20.4&#8243; _module_preset=&#8221;default&#8221; global_colors_info=&#8221;{}&#8221;][\/et_pb_image][et_pb_text _builder_version=&#8221;4.20.4&#8243; _module_preset=&#8221;default&#8221; hover_enabled=&#8221;0&#8243; sticky_enabled=&#8221;0&#8243;]<\/p>\n<p>Unser Werk verf\u00fcgt \u00fcber zahlreiche internationale Qualit\u00e4ts- und Konformit\u00e4tszertifizierungen, darunter die Zertifizierung nach ISO 9001 f\u00fcr Qualit\u00e4tsmanagementsysteme, die CE-Kennzeichnung gem\u00e4\u00df den EU-Sicherheitsanforderungen f\u00fcr Maschinen sowie Motoren f\u00fcr die entsprechenden Modelle, die die EPA\/Euro-V-Abgasnormen erf\u00fcllen. Dar\u00fcber hinaus ist unser Werk mit CNC-Bearbeitungszentren, Laserschneidmaschinen, automatisierten Schwei\u00dfanlagen, dynamischen Auswuchtmaschinen und Pr\u00fcfst\u00e4nden f\u00fcr Dauerlaufpr\u00fcfungen ausgestattet. Dies gew\u00e4hrleistet eine pr\u00e4zise Fertigung vom kleinsten Bauteil bis zur kompletten Maschine.<\/p>\n<p>Heute verf\u00fcgen wir \u00fcber ein breites Netzwerk an Partnerschaften mit Partnern, H\u00e4ndlern und OEM\/ODM-Kunden weltweit und beliefern Kunden in Europa, Nordamerika, S\u00fcdamerika, Australien und Asien mit Maschinen. Neben Brechanlagen f\u00fcr die Landwirtschaft fertigen wir auch Brechanlagen f\u00fcr den Stra\u00dfenbau sowie ein umfassendes Sortiment an Landmaschinen wie Eggen, Bodenfr\u00e4sen, Kartoffelroder und vieles mehr. Wir setzen uns f\u00fcr qualitativ hochwertige und effiziente Dienstleistungen sowie kontinuierlich innovative Produkte ein, um Landwirte, Lohnunternehmer und landwirtschaftliche Betriebe weltweit zu unterst\u00fctzen.<\/p>\n<p>[\/et_pb_text][et_pb_video src=&#8221;https:\/\/youtu.be\/OyE4n9ukyGo&#8221; _builder_version=&#8221;4.20.4&#8243; _module_preset=&#8221;default&#8221; hover_enabled=&#8221;0&#8243; sticky_enabled=&#8221;0&#8243;][\/et_pb_video][\/et_pb_column][\/et_pb_row][\/et_pb_section]<\/p>","protected":false},"excerpt":{"rendered":"<p>Company Introduction We, Italy Watanabe Agricultural Stone Crusher Co., Ltd. are a professional agricultural stone crusher manufacturer with over 10 years of production and engineering experience in the agricultural machinery industry. Since our inception, we have been committed to developing high-performance, durable, and reliable crushers specifically designed for farmland crushing, land leveling, and soil improvement. [&hellip;]<\/p>","protected":false},"author":1,"featured_media":0,"parent":0,"menu_order":0,"comment_status":"closed","ping_status":"closed","template":"","meta":{"_et_pb_use_builder":"on","_et_pb_old_content":"","_et_gb_content_width":"","footnotes":""},"class_list":["post-178","page","type-page","status-publish","hentry"],"_links":{"self":[{"href":"https:\/\/agricultural-stone-crusher.com\/de\/wp-json\/wp\/v2\/pages\/178","targetHints":{"allow":["GET"]}}],"collection":[{"href":"https:\/\/agricultural-stone-crusher.com\/de\/wp-json\/wp\/v2\/pages"}],"about":[{"href":"https:\/\/agricultural-stone-crusher.com\/de\/wp-json\/wp\/v2\/types\/page"}],"author":[{"embeddable":true,"href":"https:\/\/agricultural-stone-crusher.com\/de\/wp-json\/wp\/v2\/users\/1"}],"replies":[{"embeddable":true,"href":"https:\/\/agricultural-stone-crusher.com\/de\/wp-json\/wp\/v2\/comments?post=178"}],"version-history":[{"count":6,"href":"https:\/\/agricultural-stone-crusher.com\/de\/wp-json\/wp\/v2\/pages\/178\/revisions"}],"predecessor-version":[{"id":622,"href":"https:\/\/agricultural-stone-crusher.com\/de\/wp-json\/wp\/v2\/pages\/178\/revisions\/622"}],"wp:attachment":[{"href":"https:\/\/agricultural-stone-crusher.com\/de\/wp-json\/wp\/v2\/media?parent=178"}],"curies":[{"name":"wp","href":"https:\/\/api.w.org\/{rel}","templated":true}]}}