{"id":178,"date":"2025-11-15T09:10:40","date_gmt":"2025-11-15T09:10:40","guid":{"rendered":"https:\/\/agricultural-stone-crusher.com\/?page_id=178"},"modified":"2025-11-20T06:08:06","modified_gmt":"2025-11-20T06:08:06","slug":"about-us","status":"publish","type":"page","link":"https:\/\/agricultural-stone-crusher.com\/it\/chi-siamo\/","title":{"rendered":"Chi siamo"},"content":{"rendered":"<p>[et_pb_section fb_built=&#8221;1&#8243; admin_label=&#8221;section&#8221; _builder_version=&#8221;4.16&#8243; global_colors_info=&#8221;{}&#8221;][et_pb_row admin_label=&#8221;row&#8221; _builder_version=&#8221;4.16&#8243; background_size=&#8221;initial&#8221; background_position=&#8221;top_left&#8221; background_repeat=&#8221;repeat&#8221; global_colors_info=&#8221;{}&#8221;][et_pb_column type=&#8221;4_4&#8243; _builder_version=&#8221;4.16&#8243; custom_padding=&#8221;|||&#8221; global_colors_info=&#8221;{}&#8221; custom_padding__hover=&#8221;|||&#8221;][et_pb_text _builder_version=&#8221;4.20.4&#8243; _module_preset=&#8221;default&#8221; hover_enabled=&#8221;0&#8243; global_colors_info=&#8221;{}&#8221; sticky_enabled=&#8221;0&#8243;]<\/p>\n<h2><strong>Presentazione dell'azienda<\/strong><\/h2>\n<p>Noi, <a href=\"https:\/\/agricultural-stone-crusher.com\/it\/\"><span data-slate-fragment=\"JTVCJTdCJTIydHlwZSUyMiUzQSUyMnBhcmFncmFwaCUyMiUyQyUyMmNoaWxkcmVuJTIyJTNBJTVCJTdCJTIyaWQlMjIlM0ElMjJWVzZtYTM0QXdlJTIyJTJDJTIycGFyYUlkeCUyMiUzQTAlMkMlMjJzcmMlMjIlM0ElMjJJdGFseSUyMFdhdGFuYWJlJTIwQWdyaWN1bHR1cmFsJTIwU3RvbmUlMjBDcnVzaGVyJTIwQ28uJTJDJTIwTHRkLiUyMiUyQyUyMmRzdCUyMiUzQSUyMiVFNiU4NCU4RiVFNSVBNCVBNyVFNSU4OCVBOSVFNiVCOCVBMSVFOCVCRSVCOSVFNSU4NiU5QyVFNCVCOCU5QSVFNyVBMiU4RSVFNyU5RiVCMyVFNiU5QyVCQSVFNiU5QyU4OSVFOSU5OSU5MCVFNSU4NSVBQyVFNSU4RiVCOCVFNiU5QyU4OSVFOSU5OSU5MCVFNSU4NSVBQyVFNSU4RiVCOCVFMyU4MCU4MiUyMiUyQyUyMm1ldGFkYXRhJTIyJTNBJTIyJTIyJTJDJTIybWF0Y2hlcyUyMiUzQW51bGwlMkMlMjJ0cmFuc2xhdGVkQnklMjIlM0FudWxsJTJDJTIybWV0YURhdGElMjIlM0ElNUIlNUQlMkMlMjJ0ZXh0JTIyJTNBJTIySXRhbHklMjBXYXRhbmFiZSUyMEFncmljdWx0dXJhbCUyMFN0b25lJTIwQ3J1c2hlciUyMENvLiUyQyUyMEx0ZC4lMjIlN0QlNUQlN0QlNUQ=\">Watanabe Agricultural Stone Crusher Co., Ltd., Italia <\/span><\/a>Siamo un produttore professionale di frantoi per l'agricoltura con oltre 10 anni di esperienza nella produzione e nell'ingegneria nel settore delle macchine agricole. Fin dalla nostra fondazione, ci siamo impegnati a sviluppare frantoi ad alte prestazioni, durevoli e affidabili, specificamente progettati per la frantumazione di terreni agricoli, il livellamento del terreno e il miglioramento del suolo. Aderendo a una filosofia produttiva che privilegia la \"qualit\u00e0 al primo posto\", utilizziamo acciaio ad alta resistenza, processi di trattamento termico avanzati, lavorazioni meccaniche di precisione e rigorosi controlli di qualit\u00e0 per garantire che ogni macchina soddisfi gli standard prestazionali internazionali e mantenga un funzionamento stabile a lungo termine anche in condizioni di lavoro difficili.<\/p>\n<p>Dopo oltre un decennio di sviluppo e innovazione continua, la nostra azienda ha consolidato un sistema di ricerca e sviluppo, produzione e controllo qualit\u00e0. Offriamo solidi servizi di personalizzazione, consentendo ai clienti di adattare le frantoi alle loro esigenze specifiche, tra cui larghezza di lavoro, profondit\u00e0 di frantumazione, potenza del trattore, tipo di rotore, tipo di lama e condizioni del campo. Che si tratti di vigneti, frutteti, terreni agricoli aperti, bonifica di terreni o progetti su contratto, siamo in grado di fornire soluzioni di attrezzature perfettamente adatte alle esigenze operative di ciascun cliente.<\/p>\n<p>[\/et_pb_text][et_pb_image src=&#8221;https:\/\/agricultural-stone-crusher.com\/wp-content\/uploads\/2025\/11\/agricultural-stone-crusher-factory10.webp&#8221; alt=&#8221;agricultural stone crusher factory&#8221; title_text=&#8221;agricultural stone crusher factory&#8221; _builder_version=&#8221;4.20.4&#8243; _module_preset=&#8221;default&#8221; global_colors_info=&#8221;{}&#8221;][\/et_pb_image][et_pb_text _builder_version=&#8221;4.20.4&#8243; _module_preset=&#8221;default&#8221; hover_enabled=&#8221;0&#8243; sticky_enabled=&#8221;0&#8243;]<\/p>\n<p>Il nostro stabilimento ha ottenuto numerose certificazioni internazionali di qualit\u00e0 e conformit\u00e0, tra cui la certificazione del sistema di gestione della qualit\u00e0 ISO 9001, la certificazione CE per la conformit\u00e0 ai requisiti di sicurezza dei macchinari dell'UE e la conformit\u00e0 dei motori per i modelli pertinenti agli standard di emissione EPA\/Euro V. Inoltre, il nostro stabilimento \u00e8 dotato di centri di lavoro CNC, macchine per il taglio laser, sistemi di saldatura automatizzati, macchine per l'equilibratura dinamica e piattaforme per test di durata, garantendo una produzione di precisione dai componenti pi\u00f9 piccoli alla macchina completa.<\/p>\n<p>Oggi, abbiamo instaurato un'ampia rete di partnership con partner, distributori e clienti OEM\/ODM in tutto il mondo, fornendo attrezzature a clienti in Europa, Nord America, Sud America, Australia e Asia. Oltre alle frantoi agricole, produciamo anche frantoi per la costruzione di strade, nonch\u00e9 una gamma completa di macchinari agricoli come erpici, fresatrici rotative, raccoglitrici di patate e altro ancora. Ci impegniamo a fornire un servizio efficiente e di alta qualit\u00e0 e prodotti costantemente innovativi per supportare agricoltori, appaltatori e operatori agricoli in tutto il mondo.<\/p>\n<p>[\/et_pb_text][et_pb_video src=&#8221;https:\/\/youtu.be\/OyE4n9ukyGo&#8221; _builder_version=&#8221;4.20.4&#8243; _module_preset=&#8221;default&#8221; hover_enabled=&#8221;0&#8243; sticky_enabled=&#8221;0&#8243;][\/et_pb_video][\/et_pb_column][\/et_pb_row][\/et_pb_section]<\/p>","protected":false},"excerpt":{"rendered":"<p>Company Introduction We, Italy Watanabe Agricultural Stone Crusher Co., Ltd. are a professional agricultural stone crusher manufacturer with over 10 years of production and engineering experience in the agricultural machinery industry. Since our inception, we have been committed to developing high-performance, durable, and reliable crushers specifically designed for farmland crushing, land leveling, and soil improvement. [&hellip;]<\/p>","protected":false},"author":1,"featured_media":0,"parent":0,"menu_order":0,"comment_status":"closed","ping_status":"closed","template":"","meta":{"_et_pb_use_builder":"on","_et_pb_old_content":"","_et_gb_content_width":"","footnotes":""},"class_list":["post-178","page","type-page","status-publish","hentry"],"_links":{"self":[{"href":"https:\/\/agricultural-stone-crusher.com\/it\/wp-json\/wp\/v2\/pages\/178","targetHints":{"allow":["GET"]}}],"collection":[{"href":"https:\/\/agricultural-stone-crusher.com\/it\/wp-json\/wp\/v2\/pages"}],"about":[{"href":"https:\/\/agricultural-stone-crusher.com\/it\/wp-json\/wp\/v2\/types\/page"}],"author":[{"embeddable":true,"href":"https:\/\/agricultural-stone-crusher.com\/it\/wp-json\/wp\/v2\/users\/1"}],"replies":[{"embeddable":true,"href":"https:\/\/agricultural-stone-crusher.com\/it\/wp-json\/wp\/v2\/comments?post=178"}],"version-history":[{"count":6,"href":"https:\/\/agricultural-stone-crusher.com\/it\/wp-json\/wp\/v2\/pages\/178\/revisions"}],"predecessor-version":[{"id":622,"href":"https:\/\/agricultural-stone-crusher.com\/it\/wp-json\/wp\/v2\/pages\/178\/revisions\/622"}],"wp:attachment":[{"href":"https:\/\/agricultural-stone-crusher.com\/it\/wp-json\/wp\/v2\/media?parent=178"}],"curies":[{"name":"parola chiave","href":"https:\/\/api.w.org\/{rel}","templated":true}]}}