{"id":178,"date":"2025-11-15T09:10:40","date_gmt":"2025-11-15T09:10:40","guid":{"rendered":"https:\/\/agricultural-stone-crusher.com\/?page_id=178"},"modified":"2025-11-20T06:08:06","modified_gmt":"2025-11-20T06:08:06","slug":"about-us","status":"publish","type":"page","link":"https:\/\/agricultural-stone-crusher.com\/pl\/o-nas\/","title":{"rendered":"O nas"},"content":{"rendered":"<p>[et_pb_section fb_built=&#8221;1&#8243; admin_label=&#8221;section&#8221; _builder_version=&#8221;4.16&#8243; global_colors_info=&#8221;{}&#8221;][et_pb_row admin_label=&#8221;row&#8221; _builder_version=&#8221;4.16&#8243; background_size=&#8221;initial&#8221; background_position=&#8221;top_left&#8221; background_repeat=&#8221;repeat&#8221; global_colors_info=&#8221;{}&#8221;][et_pb_column type=&#8221;4_4&#8243; _builder_version=&#8221;4.16&#8243; custom_padding=&#8221;|||&#8221; global_colors_info=&#8221;{}&#8221; custom_padding__hover=&#8221;|||&#8221;][et_pb_text _builder_version=&#8221;4.20.4&#8243; _module_preset=&#8221;default&#8221; hover_enabled=&#8221;0&#8243; global_colors_info=&#8221;{}&#8221; sticky_enabled=&#8221;0&#8243;]<\/p>\n<h2><strong>Wprowadzenie do firmy<\/strong><\/h2>\n<p>My, <a href=\"https:\/\/agricultural-stone-crusher.com\/pl\/\"><span data-slate-fragment=\"JTVCJTdCJTIydHlwZSUyMiUzQSUyMnBhcmFncmFwaCUyMiUyQyUyMmNoaWxkcmVuJTIyJTNBJTVCJTdCJTIyaWQlMjIlM0ElMjJWVzZtYTM0QXdlJTIyJTJDJTIycGFyYUlkeCUyMiUzQTAlMkMlMjJzcmMlMjIlM0ElMjJJdGFseSUyMFdhdGFuYWJlJTIwQWdyaWN1bHR1cmFsJTIwU3RvbmUlMjBDcnVzaGVyJTIwQ28uJTJDJTIwTHRkLiUyMiUyQyUyMmRzdCUyMiUzQSUyMiVFNiU4NCU4RiVFNSVBNCVBNyVFNSU4OCVBOSVFNiVCOCVBMSVFOCVCRSVCOSVFNSU4NiU5QyVFNCVCOCU5QSVFNyVBMiU4RSVFNyU5RiVCMyVFNiU5QyVCQSVFNiU5QyU4OSVFOSU5OSU5MCVFNSU4NSVBQyVFNSU4RiVCOCVFNiU5QyU4OSVFOSU5OSU5MCVFNSU4NSVBQyVFNSU4RiVCOCVFMyU4MCU4MiUyMiUyQyUyMm1ldGFkYXRhJTIyJTNBJTIyJTIyJTJDJTIybWF0Y2hlcyUyMiUzQW51bGwlMkMlMjJ0cmFuc2xhdGVkQnklMjIlM0FudWxsJTJDJTIybWV0YURhdGElMjIlM0ElNUIlNUQlMkMlMjJ0ZXh0JTIyJTNBJTIySXRhbHklMjBXYXRhbmFiZSUyMEFncmljdWx0dXJhbCUyMFN0b25lJTIwQ3J1c2hlciUyMENvLiUyQyUyMEx0ZC4lMjIlN0QlNUQlN0QlNUQ=\">W\u0142ochy Watanabe Agricultural Stone Crusher Co., Ltd. <\/span><\/a>Jeste\u015bmy profesjonalnym producentem kruszarek do kamieni rolniczych z ponad 10-letnim do\u015bwiadczeniem w produkcji i in\u017cynierii w bran\u017cy maszyn rolniczych. Od pocz\u0105tku naszej dzia\u0142alno\u015bci z zaanga\u017cowaniem opracowujemy wysokowydajne, trwa\u0142e i niezawodne kruszarki przeznaczone specjalnie do kruszenia grunt\u00f3w rolnych, wyr\u00f3wnywania terenu i poprawy jako\u015bci gleby. Kieruj\u0105c si\u0119 filozofi\u0105 produkcji \u201ejako\u015b\u0107 przede wszystkim\u201d, stosujemy stal o wysokiej wytrzyma\u0142o\u015bci, zaawansowane procesy obr\u00f3bki cieplnej, precyzyjn\u0105 obr\u00f3bk\u0119 mechaniczn\u0105 i rygorystyczn\u0105 kontrol\u0119 jako\u015bci, aby zapewni\u0107, \u017ce ka\u017cda maszyna spe\u0142nia mi\u0119dzynarodowe standardy wydajno\u015bci i zapewnia d\u0142ugotrwa\u0142\u0105, stabiln\u0105 prac\u0119 w trudnych warunkach polowych.<\/p>\n<p>Po ponad dekadzie rozwoju i ci\u0105g\u0142ych innowacji, nasza firma stworzy\u0142a dojrza\u0142y system badawczo-rozwojowy, produkcyjny i kontroli jako\u015bci. Oferujemy kompleksowe us\u0142ugi personalizacji, pozwalaj\u0105c klientom dostosowa\u0107 kruszarki do ich specyficznych potrzeb, w tym szeroko\u015bci roboczej, g\u0142\u0119boko\u015bci kruszenia, mocy ci\u0105gnika, typu wirnika, rodzaju \u0142opatek i warunk\u00f3w polowych. Niezale\u017cnie od tego, czy chodzi o winnice, sady, otwarte pola uprawne, rekultywacj\u0119 grunt\u00f3w, czy projekty kontraktowe, jeste\u015bmy w stanie dostarczy\u0107 rozwi\u0105zania sprz\u0119towe idealnie dopasowane do potrzeb operacyjnych ka\u017cdego klienta.<\/p>\n<p>[\/et_pb_text][et_pb_image src=&#8221;https:\/\/agricultural-stone-crusher.com\/wp-content\/uploads\/2025\/11\/agricultural-stone-crusher-factory10.webp&#8221; alt=&#8221;agricultural stone crusher factory&#8221; title_text=&#8221;agricultural stone crusher factory&#8221; _builder_version=&#8221;4.20.4&#8243; _module_preset=&#8221;default&#8221; global_colors_info=&#8221;{}&#8221;][\/et_pb_image][et_pb_text _builder_version=&#8221;4.20.4&#8243; _module_preset=&#8221;default&#8221; hover_enabled=&#8221;0&#8243; sticky_enabled=&#8221;0&#8243;]<\/p>\n<p>Nasza fabryka uzyska\u0142a liczne mi\u0119dzynarodowe certyfikaty jako\u015bci i zgodno\u015bci, w tym certyfikat systemu zarz\u0105dzania jako\u015bci\u0105 ISO 9001, certyfikat CE potwierdzaj\u0105cy zgodno\u015b\u0107 z unijnymi wymogami bezpiecze\u0144stwa maszyn oraz silniki odpowiednich modeli spe\u0142niaj\u0105ce normy emisji spalin EPA\/Euro V. Ponadto, nasza fabryka jest wyposa\u017cona w centra obr\u00f3bcze CNC, maszyny do ci\u0119cia laserowego, zautomatyzowane systemy spawalnicze, wywa\u017carki dynamiczne oraz platformy do bada\u0144 wytrzyma\u0142o\u015bciowych, co gwarantuje precyzj\u0119 produkcji, od najmniejszych element\u00f3w po ca\u0142\u0105 maszyn\u0119.<\/p>\n<p>Obecnie zbudowali\u015bmy szerok\u0105 sie\u0107 partnerstw z partnerami, dystrybutorami i klientami OEM\/ODM na ca\u0142ym \u015bwiecie, dostarczaj\u0105c sprz\u0119t klientom w Europie, Ameryce P\u00f3\u0142nocnej i Po\u0142udniowej, Australii i Azji. Opr\u00f3cz kruszarek rolniczych, produkujemy r\u00f3wnie\u017c kruszarki do budowy dr\u00f3g, a tak\u017ce pe\u0142n\u0105 gam\u0119 maszyn rolniczych, takich jak brony, glebogryzarki, kombajny do ziemniak\u00f3w i wiele innych. Naszym celem jest \u015bwiadczenie wysokiej jako\u015bci, sprawnej obs\u0142ugi i ci\u0105g\u0142e wprowadzanie innowacyjnych produkt\u00f3w, aby wspiera\u0107 rolnik\u00f3w, wykonawc\u00f3w i operator\u00f3w rolnych na ca\u0142ym \u015bwiecie.<\/p>\n<p>[\/et_pb_text][et_pb_video src=&#8221;https:\/\/youtu.be\/OyE4n9ukyGo&#8221; _builder_version=&#8221;4.20.4&#8243; _module_preset=&#8221;default&#8221; hover_enabled=&#8221;0&#8243; sticky_enabled=&#8221;0&#8243;][\/et_pb_video][\/et_pb_column][\/et_pb_row][\/et_pb_section]<\/p>","protected":false},"excerpt":{"rendered":"<p>Company Introduction We, Italy Watanabe Agricultural Stone Crusher Co., Ltd. are a professional agricultural stone crusher manufacturer with over 10 years of production and engineering experience in the agricultural machinery industry. Since our inception, we have been committed to developing high-performance, durable, and reliable crushers specifically designed for farmland crushing, land leveling, and soil improvement. [&hellip;]<\/p>","protected":false},"author":1,"featured_media":0,"parent":0,"menu_order":0,"comment_status":"closed","ping_status":"closed","template":"","meta":{"_et_pb_use_builder":"on","_et_pb_old_content":"","_et_gb_content_width":"","footnotes":""},"class_list":["post-178","page","type-page","status-publish","hentry"],"_links":{"self":[{"href":"https:\/\/agricultural-stone-crusher.com\/pl\/wp-json\/wp\/v2\/pages\/178","targetHints":{"allow":["GET"]}}],"collection":[{"href":"https:\/\/agricultural-stone-crusher.com\/pl\/wp-json\/wp\/v2\/pages"}],"about":[{"href":"https:\/\/agricultural-stone-crusher.com\/pl\/wp-json\/wp\/v2\/types\/page"}],"author":[{"embeddable":true,"href":"https:\/\/agricultural-stone-crusher.com\/pl\/wp-json\/wp\/v2\/users\/1"}],"replies":[{"embeddable":true,"href":"https:\/\/agricultural-stone-crusher.com\/pl\/wp-json\/wp\/v2\/comments?post=178"}],"version-history":[{"count":6,"href":"https:\/\/agricultural-stone-crusher.com\/pl\/wp-json\/wp\/v2\/pages\/178\/revisions"}],"predecessor-version":[{"id":622,"href":"https:\/\/agricultural-stone-crusher.com\/pl\/wp-json\/wp\/v2\/pages\/178\/revisions\/622"}],"wp:attachment":[{"href":"https:\/\/agricultural-stone-crusher.com\/pl\/wp-json\/wp\/v2\/media?parent=178"}],"curies":[{"name":"wp","href":"https:\/\/api.w.org\/{rel}","templated":true}]}}