{"id":178,"date":"2025-11-15T09:10:40","date_gmt":"2025-11-15T09:10:40","guid":{"rendered":"https:\/\/agricultural-stone-crusher.com\/?page_id=178"},"modified":"2025-11-20T06:08:06","modified_gmt":"2025-11-20T06:08:06","slug":"about-us","status":"publish","type":"page","link":"https:\/\/agricultural-stone-crusher.com\/ro\/despre-noi\/","title":{"rendered":"Despre noi"},"content":{"rendered":"<p>[et_pb_section fb_built=\u201d1\u2033 admin_label=\u201dsec\u021biune\u201d _builder_version=\u201d4.16\u2033 global_colors_info=\u201d{}\u201d][et_pb_row admin_label=\u201dr\u00e2nd\u201d _builder_version=\u201d4.16\u2033 background_size=\u201dini\u021bial\u201d background_position=\u201dst\u00e2nga_sus\u201d background_repeat=\u201drepetare\u201d global_colors_info=\u201d{}\u201d][et_pb_column type=\u201d4_4\u2033 _builder_version=\u201d4.16\u2033 custom_padding=\u201d||||\u201d global_colors_info=\u201d{}\u201d custom_padding__hover=\u201d||||\u201d][et_pb_text _builder_version=\u201d4.20.4\u2033 _module_preset=\u201dimplicit\u201d hover_enabled=\u201d0\u2033 global_colors_info=\u201d{}\u201d sticky_enabled=\u201d0\u2033]<\/p>\n<h2><strong>Introducerea companiei<\/strong><\/h2>\n<p>Noi, <a href=\"https:\/\/agricultural-stone-crusher.com\/ro\/\"><span data-slate-fragment=\"JTVCJTdCJTIydHlwZSUyMiUzQSUyMnBhcmFncmFwaCUyMiUyQyUyMmNoaWxkcmVuJTIyJTNBJTVCJTdCJTIyaWQlMjIlM0ElMjJWVzZtYTM0QXdlJTIyJTJDJTIycGFyYUlkeCUyMiUzQTAlMkMlMjJzcmMlMjIlM0ElMjJJdGFseSUyMFdhdGFuYWJlJTIwQWdyaWN1bHR1cmFsJTIwU3RvbmUlMjBDcnVzaGVyJTIwQ28uJTJDJTIwTHRkLiUyMiUyQyUyMmRzdCUyMiUzQSUyMiVFNiU4NCU4RiVFNSVBNCVBNyVFNSU4OCVBOSVFNiVCOCVBMSVFOCVCRSVCOSVFNSU4NiU5QyVFNCVCOCU5QSVFNyVBMiU4RSVFNyU5RiVCMyVFNiU5QyVCQSVFNiU5QyU4OSVFOSU5OSU5MCVFNSU4NSVBQyVFNSU4RiVCOCVFNiU5QyU4OSVFOSU5OSU5MCVFNSU4NSVBQyVFNSU4RiVCOCVFMyU4MCU4MiUyMiUyQyUyMm1ldGFkYXRhJTIyJTNBJTIyJTIyJTJDJTIybWF0Y2hlcyUyMiUzQW51bGwlMkMlMjJ0cmFuc2xhdGVkQnklMjIlM0FudWxsJTJDJTIybWV0YURhdGElMjIlM0ElNUIlNUQlMkMlMjJ0ZXh0JTIyJTNBJTIySXRhbHklMjBXYXRhbmFiZSUyMEFncmljdWx0dXJhbCUyMFN0b25lJTIwQ3J1c2hlciUyMENvLiUyQyUyMEx0ZC4lMjIlN0QlNUQlN0QlNUQ=\">Italia Watanabe Agricultural Stone Crusher Co., Ltd. <\/span><\/a>suntem un produc\u0103tor profesionist de concasoare agricole cu peste 10 ani de experien\u021b\u0103 \u00een produc\u021bie \u0219i inginerie \u00een industria utilajelor agricole. \u00cenc\u0103 de la \u00eenfiin\u021bare, ne-am dedicat dezvolt\u0103rii de concasoare de \u00eenalt\u0103 performan\u021b\u0103, durabile \u0219i fiabile, special concepute pentru concasarea terenurilor agricole, nivelarea terenurilor \u0219i \u00eembun\u0103t\u0103\u021birea solului. Ader\u00e2nd la o filozofie de fabrica\u021bie \u201ecalitatea pe primul loc\u201d, folosim o\u021bel de \u00eenalt\u0103 rezisten\u021b\u0103, procese avansate de tratament termic, prelucrare de precizie \u0219i inspec\u021bii riguroase ale calit\u0103\u021bii pentru a ne asigura c\u0103 fiecare ma\u0219in\u0103 \u00eendepline\u0219te standardele interna\u021bionale de performan\u021b\u0103 \u0219i men\u021bine o func\u021bionare stabil\u0103 pe termen lung \u00een condi\u021bii dure de teren.<\/p>\n<p>Dup\u0103 mai bine de un deceniu de dezvoltare \u0219i inova\u021bie continu\u0103, compania noastr\u0103 a stabilit un sistem matur de cercetare \u0219i dezvoltare, produc\u021bie \u0219i control al calit\u0103\u021bii. Oferim servicii robuste de personalizare, permi\u021b\u00e2nd clien\u021bilor s\u0103 adapteze concasoarele la nevoile lor specifice, inclusiv l\u0103\u021bimea de lucru, ad\u00e2ncimea de concasare, puterea tractorului, tipul de rotor, stilul lamei \u0219i condi\u021biile de teren. Fie c\u0103 este vorba de podgorii, livezi, terenuri agricole deschise, recuper\u0103ri de terenuri sau proiecte contractate, putem oferi solu\u021bii de echipamente perfect adaptate cerin\u021belor opera\u021bionale ale fiec\u0103rui client.<\/p>\n<p>[\/et_pb_text][et_pb_image src=\u201dhttps:\/\/agricultural-stone-crusher.com\/wp-content\/uploads\/2025\/11\/agricultural-stone-crusher-factory10.webp\u201d alt=\u201dfabric\u0103 de concasare a pietrei agricole\u201d title_text=\u201dfabric\u0103 de concasare a pietrei agricole\u201d _builder_version=\u201d4.20.4\u2033 _module_preset=\u201dimplicit\u201d global_colors_info=\u201d{}\u201d][\/et_pb_image][et_pb_text _builder_version=\u201d4.20.4\u2033 _module_preset=\u201dimplicit\u201d hover_enabled=\u201d0\u2033 sticky_enabled=\u201d0\u2033]<\/p>\n<p>Fabrica noastr\u0103 a ob\u021binut numeroase certific\u0103ri interna\u021bionale de calitate \u0219i conformitate, inclusiv certificarea sistemului de management al calit\u0103\u021bii ISO 9001, certificarea CE care respect\u0103 cerin\u021bele UE de siguran\u021b\u0103 a utilajelor \u0219i motoare pentru modelele relevante care respect\u0103 standardele de emisii EPA\/Euro V. \u00cen plus, fabrica noastr\u0103 este dotat\u0103 cu centre de prelucrare CNC, ma\u0219ini de t\u0103iere cu laser, sisteme automate de sudare, ma\u0219ini de echilibrare dinamic\u0103 \u0219i platforme de testare a durabilit\u0103\u021bii, asigur\u00e2nd o fabrica\u021bie de precizie de la cele mai mici componente p\u00e2n\u0103 la ma\u0219ina complet\u0103.<\/p>\n<p>Ast\u0103zi, am stabilit o re\u021bea extins\u0103 de parteneriate cu parteneri, distribuitori \u0219i clien\u021bi OEM\/ODM din \u00eentreaga lume, furniz\u00e2nd echipamente clien\u021bilor din Europa, America de Nord, America de Sud, Australia \u0219i Asia. Pe l\u00e2ng\u0103 concasoarele agricole, producem \u0219i concasoare pentru construc\u021bii rutiere, precum \u0219i o gam\u0103 complet\u0103 de utilaje agricole, cum ar fi grape, freze rotative, combine de recoltat cartofi \u0219i multe altele. Ne angaj\u0103m s\u0103 oferim servicii eficiente \u0219i de \u00eenalt\u0103 calitate \u0219i produse inovatoare \u00een permanen\u021b\u0103 pentru a sprijini fermierii, contractorii \u0219i operatorii agricoli din \u00eentreaga lume.<\/p>\n<p>[\/et_pb_text][et_pb_video src=\u201dhttps:\/\/youtu.be\/OyE4n9ukyGo\u201d _builder_version=\u201d4.20.4\u2033 _module_preset=\u201dimplicit\u201d hover_enabled=\u201d0\u2033 sticky_enabled=\u201d0\u2033][\/et_pb_video][\/et_pb_column][\/et_pb_row][\/et_pb_section]<\/p>","protected":false},"excerpt":{"rendered":"<p>Introducere \u00een companie Noi, Italia Watanabe Agricultural Stone Crusher Co., Ltd. suntem un produc\u0103tor profesionist de concasoare agricole pentru piatr\u0103, cu peste 10 ani de experien\u021b\u0103 \u00een produc\u021bie \u0219i inginerie \u00een industria utilajelor agricole. \u00cenc\u0103 de la \u00eenfiin\u021bare, ne-am dedicat dezvolt\u0103rii de concasoare de \u00eenalt\u0103 performan\u021b\u0103, durabile \u0219i fiabile, special concepute pentru concasarea terenurilor agricole, nivelarea terenurilor \u0219i \u00eembun\u0103t\u0103\u021birea solului. [\u2026]<\/p>","protected":false},"author":1,"featured_media":0,"parent":0,"menu_order":0,"comment_status":"closed","ping_status":"closed","template":"","meta":{"_et_pb_use_builder":"on","_et_pb_old_content":"","_et_gb_content_width":"","footnotes":""},"class_list":["post-178","page","type-page","status-publish","hentry"],"_links":{"self":[{"href":"https:\/\/agricultural-stone-crusher.com\/ro\/wp-json\/wp\/v2\/pages\/178","targetHints":{"allow":["GET"]}}],"collection":[{"href":"https:\/\/agricultural-stone-crusher.com\/ro\/wp-json\/wp\/v2\/pages"}],"about":[{"href":"https:\/\/agricultural-stone-crusher.com\/ro\/wp-json\/wp\/v2\/types\/page"}],"author":[{"embeddable":true,"href":"https:\/\/agricultural-stone-crusher.com\/ro\/wp-json\/wp\/v2\/users\/1"}],"replies":[{"embeddable":true,"href":"https:\/\/agricultural-stone-crusher.com\/ro\/wp-json\/wp\/v2\/comments?post=178"}],"version-history":[{"count":6,"href":"https:\/\/agricultural-stone-crusher.com\/ro\/wp-json\/wp\/v2\/pages\/178\/revisions"}],"predecessor-version":[{"id":622,"href":"https:\/\/agricultural-stone-crusher.com\/ro\/wp-json\/wp\/v2\/pages\/178\/revisions\/622"}],"wp:attachment":[{"href":"https:\/\/agricultural-stone-crusher.com\/ro\/wp-json\/wp\/v2\/media?parent=178"}],"curies":[{"name":"wp","href":"https:\/\/api.w.org\/{rel}","templated":true}]}}