{"id":178,"date":"2025-11-15T09:10:40","date_gmt":"2025-11-15T09:10:40","guid":{"rendered":"https:\/\/agricultural-stone-crusher.com\/?page_id=178"},"modified":"2025-11-20T06:08:06","modified_gmt":"2025-11-20T06:08:06","slug":"about-us","status":"publish","type":"page","link":"https:\/\/agricultural-stone-crusher.com\/sv\/om-oss\/","title":{"rendered":"Om oss"},"content":{"rendered":"<p>[et_pb_section fb_built=&#8221;1&#8243; admin_label=&#8221;section&#8221; _builder_version=&#8221;4.16&#8243; global_colors_info=&#8221;{}&#8221;][et_pb_row admin_label=&#8221;row&#8221; _builder_version=&#8221;4.16&#8243; background_size=&#8221;initial&#8221; background_position=&#8221;top_left&#8221; background_repeat=&#8221;repeat&#8221; global_colors_info=&#8221;{}&#8221;][et_pb_column type=&#8221;4_4&#8243; _builder_version=&#8221;4.16&#8243; custom_padding=&#8221;|||&#8221; global_colors_info=&#8221;{}&#8221; custom_padding__hover=&#8221;|||&#8221;][et_pb_text _builder_version=&#8221;4.20.4&#8243; _module_preset=&#8221;default&#8221; hover_enabled=&#8221;0&#8243; global_colors_info=&#8221;{}&#8221; sticky_enabled=&#8221;0&#8243;]<\/p>\n<h2><strong>F\u00f6retagsintroduktion<\/strong><\/h2>\n<p>Vi, <a href=\"https:\/\/agricultural-stone-crusher.com\/sv\/\"><span data-slate-fragment=\"JTVCJTdCJTIydHlwZSUyMiUzQSUyMnBhcmFncmFwaCUyMiUyQyUyMmNoaWxkcmVuJTIyJTNBJTVCJTdCJTIyaWQlMjIlM0ElMjJWVzZtYTM0QXdlJTIyJTJDJTIycGFyYUlkeCUyMiUzQTAlMkMlMjJzcmMlMjIlM0ElMjJJdGFseSUyMFdhdGFuYWJlJTIwQWdyaWN1bHR1cmFsJTIwU3RvbmUlMjBDcnVzaGVyJTIwQ28uJTJDJTIwTHRkLiUyMiUyQyUyMmRzdCUyMiUzQSUyMiVFNiU4NCU4RiVFNSVBNCVBNyVFNSU4OCVBOSVFNiVCOCVBMSVFOCVCRSVCOSVFNSU4NiU5QyVFNCVCOCU5QSVFNyVBMiU4RSVFNyU5RiVCMyVFNiU5QyVCQSVFNiU5QyU4OSVFOSU5OSU5MCVFNSU4NSVBQyVFNSU4RiVCOCVFNiU5QyU4OSVFOSU5OSU5MCVFNSU4NSVBQyVFNSU4RiVCOCVFMyU4MCU4MiUyMiUyQyUyMm1ldGFkYXRhJTIyJTNBJTIyJTIyJTJDJTIybWF0Y2hlcyUyMiUzQW51bGwlMkMlMjJ0cmFuc2xhdGVkQnklMjIlM0FudWxsJTJDJTIybWV0YURhdGElMjIlM0ElNUIlNUQlMkMlMjJ0ZXh0JTIyJTNBJTIySXRhbHklMjBXYXRhbmFiZSUyMEFncmljdWx0dXJhbCUyMFN0b25lJTIwQ3J1c2hlciUyMENvLiUyQyUyMEx0ZC4lMjIlN0QlNUQlN0QlNUQ=\">Italien Watanabe Agricultural Stone Crusher Co., Ltd. <\/span><\/a>\u00e4r en professionell tillverkare av stenkrossar f\u00f6r jordbruket med \u00f6ver 10 \u00e5rs produktions- och ingenj\u00f6rserfarenhet inom jordbruksmaskinindustrin. Sedan starten har vi varit engagerade i att utveckla h\u00f6gpresterande, h\u00e5llbara och p\u00e5litliga krossar speciellt utformade f\u00f6r krossning av jordbruksmark, markj\u00e4mning och jordf\u00f6rb\u00e4ttring. I enlighet med en tillverkningsfilosofi \"kvalitet f\u00f6rst\" anv\u00e4nder vi h\u00f6gh\u00e5llfast st\u00e5l, avancerade v\u00e4rmebehandlingsprocesser, precisionsbearbetning och rigor\u00f6s kvalitetsinspektion f\u00f6r att s\u00e4kerst\u00e4lla att varje maskin uppfyller internationella prestandastandarder och uppr\u00e4tth\u00e5ller l\u00e5ngsiktig stabil drift under tuffa f\u00e4ltf\u00f6rh\u00e5llanden.<\/p>\n<p>Efter mer \u00e4n ett decennium av utveckling och kontinuerlig innovation har v\u00e5rt f\u00f6retag etablerat ett moget system f\u00f6r forskning och utveckling, produktion och kvalitetskontroll. Vi erbjuder robusta anpassningstj\u00e4nster som g\u00f6r det m\u00f6jligt f\u00f6r kunder att skr\u00e4ddarsy krossar efter sina specifika behov, inklusive arbetsbredd, krossdjup, traktorns effekt, rotortyp, bladstil och f\u00e4ltf\u00f6rh\u00e5llanden. Oavsett om det g\u00e4ller ving\u00e5rdar, frukttr\u00e4dg\u00e5rdar, \u00f6ppen jordbruksmark, mark\u00e5tervinning eller kontrakterade projekt, kan vi erbjuda utrustningsl\u00f6sningar som \u00e4r perfekt anpassade till varje kunds operativa behov.<\/p>\n<p>[\/et_pb_text][et_pb_image src=&#8221;https:\/\/agricultural-stone-crusher.com\/wp-content\/uploads\/2025\/11\/agricultural-stone-crusher-factory10.webp&#8221; alt=&#8221;agricultural stone crusher factory&#8221; title_text=&#8221;agricultural stone crusher factory&#8221; _builder_version=&#8221;4.20.4&#8243; _module_preset=&#8221;default&#8221; global_colors_info=&#8221;{}&#8221;][\/et_pb_image][et_pb_text _builder_version=&#8221;4.20.4&#8243; _module_preset=&#8221;default&#8221; hover_enabled=&#8221;0&#8243; sticky_enabled=&#8221;0&#8243;]<\/p>\n<p>V\u00e5r fabrik har erh\u00e5llit ett flertal internationella kvalitets- och efterlevnadscertifieringar, inklusive ISO 9001-certifiering enligt kvalitetsledningssystem, CE-certifiering som uppfyller EU:s maskins\u00e4kerhetskrav och motorer f\u00f6r relevanta modeller som uppfyller EPA\/Euro V-utsl\u00e4ppsstandarderna. Dessutom \u00e4r v\u00e5r fabrik utrustad med CNC-bearbetningscentra, lasersk\u00e4rmaskiner, automatiserade svetssystem, dynamiska balanseringsmaskiner och plattformar f\u00f6r h\u00e5llbarhetstestning, vilket s\u00e4kerst\u00e4ller precisionstillverkning fr\u00e5n de minsta komponenterna till den kompletta maskinen.<\/p>\n<p>Idag har vi etablerat ett brett n\u00e4tverk av partnerskap med partners, distribut\u00f6rer och OEM\/ODM-kunder \u00f6ver hela v\u00e4rlden och levererar utrustning till kunder i Europa, Nordamerika, Sydamerika, Australien och Asien. F\u00f6rutom jordbrukskrossar tillverkar vi \u00e4ven krossar f\u00f6r v\u00e4gbyggnad, samt ett komplett utbud av jordbruksmaskiner som harvar, jordfr\u00e4sar, potatisupptagare med mera. Vi str\u00e4var efter att tillhandah\u00e5lla h\u00f6gkvalitativ, effektiv service och kontinuerligt innovativa produkter f\u00f6r att st\u00f6dja lantbrukare, entrepren\u00f6rer och jordbruksf\u00f6retag \u00f6ver hela v\u00e4rlden.<\/p>\n<p>[\/et_pb_text][et_pb_video src=&#8221;https:\/\/youtu.be\/OyE4n9ukyGo&#8221; _builder_version=&#8221;4.20.4&#8243; _module_preset=&#8221;default&#8221; hover_enabled=&#8221;0&#8243; sticky_enabled=&#8221;0&#8243;][\/et_pb_video][\/et_pb_column][\/et_pb_row][\/et_pb_section]<\/p>","protected":false},"excerpt":{"rendered":"<p>Company Introduction We, Italy Watanabe Agricultural Stone Crusher Co., Ltd. are a professional agricultural stone crusher manufacturer with over 10 years of production and engineering experience in the agricultural machinery industry. Since our inception, we have been committed to developing high-performance, durable, and reliable crushers specifically designed for farmland crushing, land leveling, and soil improvement. [&hellip;]<\/p>","protected":false},"author":1,"featured_media":0,"parent":0,"menu_order":0,"comment_status":"closed","ping_status":"closed","template":"","meta":{"_et_pb_use_builder":"on","_et_pb_old_content":"","_et_gb_content_width":"","footnotes":""},"class_list":["post-178","page","type-page","status-publish","hentry"],"_links":{"self":[{"href":"https:\/\/agricultural-stone-crusher.com\/sv\/wp-json\/wp\/v2\/pages\/178","targetHints":{"allow":["GET"]}}],"collection":[{"href":"https:\/\/agricultural-stone-crusher.com\/sv\/wp-json\/wp\/v2\/pages"}],"about":[{"href":"https:\/\/agricultural-stone-crusher.com\/sv\/wp-json\/wp\/v2\/types\/page"}],"author":[{"embeddable":true,"href":"https:\/\/agricultural-stone-crusher.com\/sv\/wp-json\/wp\/v2\/users\/1"}],"replies":[{"embeddable":true,"href":"https:\/\/agricultural-stone-crusher.com\/sv\/wp-json\/wp\/v2\/comments?post=178"}],"version-history":[{"count":6,"href":"https:\/\/agricultural-stone-crusher.com\/sv\/wp-json\/wp\/v2\/pages\/178\/revisions"}],"predecessor-version":[{"id":622,"href":"https:\/\/agricultural-stone-crusher.com\/sv\/wp-json\/wp\/v2\/pages\/178\/revisions\/622"}],"wp:attachment":[{"href":"https:\/\/agricultural-stone-crusher.com\/sv\/wp-json\/wp\/v2\/media?parent=178"}],"curies":[{"name":"wp","href":"https:\/\/api.w.org\/{rel}","templated":true}]}}